{"id":1087682,"date":"2021-11-11T06:18:08","date_gmt":"2021-11-11T05:18:08","guid":{"rendered":"https:\/\/gardening.hr\/home\/"},"modified":"2026-03-20T16:22:38","modified_gmt":"2026-03-20T15:22:38","slug":"home","status":"publish","type":"page","link":"https:\/\/gardening.hr\/en\/","title":{"rendered":"Home"},"content":{"rendered":"<div class=\"et_pb_section_0 et_pb_section et_section_regular et_block_section et_animated\">\n<div class=\"et_pb_row_0 et_pb_row et_grid_row\">\n<div class=\"et_pb_column_0 et_pb_column et_flex_column et_pb_css_mix_blend_mode_passthrough\">\n<div class=\"et_pb_text_0 et_pb_text et_pb_bg_layout_dark et_animated et_pb_module et_block_module\"><div class=\"et_pb_text_inner\"><div class=\"wk-2107-hero-badge-text\">Year-round maintenance<\/div>\n<\/div><\/div>\n<\/div>\n\n<div class=\"et_pb_column_1 et_pb_column et_flex_column et_pb_css_mix_blend_mode_passthrough\">\n<div class=\"et_pb_text_1 et_pb_text et_pb_bg_layout_dark et_animated et_pb_module et_block_module\"><div class=\"et_pb_text_inner\"><p>Minor home and yard repairs.<\/p>\n<\/div><\/div>\n<\/div>\n\n<div class=\"et_pb_column_2 et_pb_column et-last-child et_flex_column et_pb_column_empty et_pb_css_mix_blend_mode_passthrough\"><\/div>\n<\/div>\n\n<div class=\"et_pb_row_1 et_pb_row et_pb_gutters1 et_block_row\">\n<div class=\"et_pb_column_3 et_pb_column et_pb_column_1_2 et_block_column et_pb_css_mix_blend_mode_passthrough\">\n<div class=\"et_pb_text_2 et_pb_text et_pb_bg_layout_light et_animated et_pb_module et_block_module\"><div class=\"et_pb_text_inner\"><h1>Garden and <span style=\"color: #7ee2a8;\">backyard<\/span> maintenance<\/h1>\n<\/div><\/div>\n\n<div class=\"et_pb_text_3 et_pb_text et_pb_bg_layout_light et_pb_module et_flex_module\"><div class=\"et_pb_text_inner\"><p>Do you want to enjoy your garden, but don't have time to mow the lawn, trim the hedges, or maintain the yard?<br \/>\nLeave those chores to us! We regularly maintain gardens and yards, nurturing your plants, so that they are ready for you and pleasant for your stay.<\/p>\n<\/div><\/div>\n<\/div>\n\n<div class=\"et_pb_column_4 et_pb_column et_pb_column_1_2 et-last-child et_flex_column et_pb_column_empty et_pb_css_mix_blend_mode_passthrough\"><\/div>\n<\/div>\n\n<div class=\"et_pb_row_2 et_pb_row et_pb_gutters1 et_grid_row\">\n<div class=\"et_pb_column_5 et_pb_column et_flex_column et_pb_css_mix_blend_mode_passthrough\">\n<div class=\"et_pb_module et_pb_button_module_wrapper et_pb_button_0_wrapper\"><a class=\"et_pb_button_0 et_pb_button et_pb_bg_layout_light et_animated et_pb_module et_block_module\" href=\"#contact\">Order a service<\/a><\/div>\n<\/div>\n\n<div class=\"et_pb_column_6 et_pb_column et_flex_column et_pb_css_mix_blend_mode_passthrough\">\n<div class=\"et_pb_module et_pb_button_module_wrapper et_pb_button_1_wrapper\"><a class=\"et_pb_button_1 et_pb_button et_pb_bg_layout_light et_animated et_pb_module et_block_module\" href=\"#about-us\">About Us<\/a><\/div>\n<\/div>\n\n<div class=\"et_pb_column_7 et_pb_column et_flex_column et_pb_column_empty et_pb_css_mix_blend_mode_passthrough\"><\/div>\n\n<div class=\"et_pb_column_8 et_pb_column et_flex_column et_pb_column_empty et_pb_css_mix_blend_mode_passthrough\"><\/div>\n\n<div class=\"et_pb_column_9 et_pb_column et-last-child et_flex_column et_pb_column_empty et_pb_css_mix_blend_mode_passthrough\"><\/div>\n<\/div>\n\n<div class=\"et_pb_row_3 et_pb_row et_flex_row\">\n<div class=\"et_pb_column_10 et_pb_column et_flex_column et_pb_css_mix_blend_mode_passthrough et_flex_column_12_24 et_flex_column_12_24_tablet et_flex_column_24_24_phone et_flex_column_12_24_widescreen et_flex_column_12_24_ultraWide\">\n<div class=\"et_pb_blurb_0 et_pb_blurb et_pb_bg_layout_light et_pb_blurb_position_top et_pb_module et_flex_module\"><div class=\"et_pb_blurb_content et_flex_module\"><div class=\"et_pb_main_blurb_image\"><span class=\"et_pb_image_wrap\"><span class=\"et-pb-icon et-waypoint et_pb_animation_top et_pb_animation_top_tablet et_pb_animation_top_phone\">\ue081<\/span><\/span><\/div><div class=\"et_pb_blurb_container\"><div class=\"et_pb_blurb_description\"><p>We work in the area of \u200b\u200b\u0160ibenik-Knin County<\/p>\n<\/div><\/div><\/div><\/div>\n<\/div>\n\n<div class=\"et_pb_column_11 et_pb_column et-last-child et_flex_column et_pb_css_mix_blend_mode_passthrough et_flex_column_12_24 et_flex_column_12_24_tablet et_flex_column_24_24_phone et_flex_column_12_24_widescreen et_flex_column_12_24_ultraWide\">\n<div class=\"et_pb_blurb_1 et_pb_blurb et_pb_bg_layout_light et_pb_blurb_position_top et_pb_module et_flex_module\"><div class=\"et_pb_blurb_content et_flex_module\"><div class=\"et_pb_main_blurb_image\"><span class=\"et_pb_image_wrap\"><span class=\"et-pb-icon et-waypoint et_pb_animation_top et_pb_animation_top_tablet et_pb_animation_top_phone\">\ue06f<\/span><\/span><\/div><div class=\"et_pb_blurb_container\"><div class=\"et_pb_blurb_description\"><p>Over twenty years of experience in maintaining gardens and olive groves.<\/p>\n<\/div><\/div><\/div><\/div>\n<\/div>\n<\/div>\n<\/div>\n\n<div class=\"et_pb_section_1 et_pb_section et_section_regular et_flex_section\" id=\"services\">\n<div class=\"et_pb_row_4 et_pb_row et_pb_gutters2 et_grid_row\">\n<div class=\"et_pb_column_12 et_pb_column et_flex_column et_pb_css_mix_blend_mode_passthrough\">\n<div class=\"et_pb_icon_0 et_pb_icon et_pb_module et_block_module\"><span class=\"et_pb_icon_wrap\"><span class=\"et-pb-icon\">\ue009<\/span><\/span><\/div>\n\n<div class=\"et_pb_text_4 et_pb_text et_pb_bg_layout_light et_pb_module et_flex_module\"><div class=\"et_pb_text_inner\"><h3>Backyard maintenance<\/h3>\n<\/div><\/div>\n\n<div class=\"et_pb_text_5 et_pb_text et_pb_bg_layout_light et_pb_module et_flex_module\"><div class=\"et_pb_text_inner\"><p>Year-round care for your plants, mowing, pruning, and tidiness of your yard.<\/p>\n<\/div><\/div>\n\n<div class=\"et_pb_module et_pb_button_module_wrapper et_pb_button_2_wrapper\"><a class=\"et_pb_button_2 et_pb_button et_pb_bg_layout_light et_pb_module et_flex_module\" href=\"#contact\" data-icon=\"$\">Request a quote<\/a><\/div>\n<\/div>\n\n<div class=\"et_pb_column_13 et_pb_column et_flex_column et_pb_css_mix_blend_mode_passthrough\">\n<div class=\"et_pb_icon_1 et_pb_icon et_pb_module et_block_module\"><span class=\"et_pb_icon_wrap\"><span class=\"et-pb-icon\">\uf4d8<\/span><\/span><\/div>\n\n<div class=\"et_pb_text_6 et_pb_text et_pb_bg_layout_light et_pb_module et_flex_module\"><div class=\"et_pb_text_inner\"><h3>Planting and preparation<\/h3>\n<\/div><\/div>\n\n<div class=\"et_pb_text_7 et_pb_text et_pb_bg_layout_light et_pb_module et_flex_module\"><div class=\"et_pb_text_inner\"><p>We prepare the ground for planting and arrange flower beds according to your project and wishes.<\/p>\n<\/div><\/div>\n\n<div class=\"et_pb_module et_pb_button_module_wrapper et_pb_button_3_wrapper\"><a class=\"et_pb_button_3 et_pb_button et_pb_bg_layout_light et_pb_module et_flex_module\" href=\"#contact\" data-icon=\"$\">Request a quote<\/a><\/div>\n<\/div>\n\n<div class=\"et_pb_column_14 et_pb_column et_flex_column et_pb_css_mix_blend_mode_passthrough\">\n<div class=\"et_pb_icon_2 et_pb_icon et_pb_module et_block_module\"><span class=\"et_pb_icon_wrap\"><span class=\"et-pb-icon\">\uf018<\/span><\/span><\/div>\n\n<div class=\"et_pb_text_8 et_pb_text et_pb_bg_layout_light et_pb_module et_flex_module\"><div class=\"et_pb_text_inner\"><h3>Land clearing<\/h3>\n<\/div><\/div>\n\n<div class=\"et_pb_text_9 et_pb_text et_pb_bg_layout_light et_pb_module et_flex_module\"><div class=\"et_pb_text_inner\"><p>Removal of vegetation and tidying up neglected areas to make the space functional.<\/p>\n<\/div><\/div>\n\n<div class=\"et_pb_module et_pb_button_module_wrapper et_pb_button_4_wrapper\"><a class=\"et_pb_button_4 et_pb_button et_pb_bg_layout_light et_pb_module et_flex_module\" href=\"#contact\" data-icon=\"$\">Request a quote<\/a><\/div>\n<\/div>\n\n<div class=\"et_pb_column_15 et_pb_column et-last-child et_flex_column et_pb_css_mix_blend_mode_passthrough\">\n<div class=\"et_pb_icon_3 et_pb_icon et_pb_module et_block_module\"><span class=\"et_pb_icon_wrap\"><span class=\"et-pb-icon\">\uf1bb<\/span><\/span><\/div>\n\n<div class=\"et_pb_text_10 et_pb_text et_pb_bg_layout_light et_pb_module et_flex_module\"><div class=\"et_pb_text_inner\"><h3> Home repairs and maintenance<\/h3>\n<\/div><\/div>\n\n<div class=\"et_pb_text_11 et_pb_text et_pb_bg_layout_light et_pb_module et_flex_module\"><div class=\"et_pb_text_inner\"><p>Reliable services for minor repairs and maintenance of your homes<\/p>\n<\/div><\/div>\n\n<div class=\"et_pb_module et_pb_button_module_wrapper et_pb_button_5_wrapper\"><a class=\"et_pb_button_5 et_pb_button et_pb_bg_layout_light et_pb_module et_flex_module\" href=\"#contact\" data-icon=\"$\">Request a quote<\/a><\/div>\n<\/div>\n<\/div>\n<\/div>\n\n<div class=\"et_pb_section_2 et_pb_section et_section_regular et_flex_section\" id=\"about-us\">\n<div class=\"et_pb_row_5 et_pb_row et_flex_row\">\n<div class=\"et_pb_column_16 et_pb_column et-last-child et_flex_column et_pb_css_mix_blend_mode_passthrough et_flex_column_24_24 et_flex_column_24_24_tablet et_flex_column_24_24_phone et_flex_column_24_24_widescreen et_flex_column_24_24_ultraWide\">\n<div class=\"et_pb_text_12 et_pb_text et_pb_bg_layout_light et_pb_module et_flex_module\"><div class=\"et_pb_text_inner\"><h2>About Us<\/h2>\n<\/div><\/div>\n<\/div>\n<\/div>\n<\/div>\n\n<div class=\"et_pb_section_3 et_pb_section et_section_regular et_flex_section\">\n<div class=\"et_pb_row_6 et_pb_row et_flex_row\">\n<div class=\"et_pb_column_17 et_pb_column et_flex_column et_pb_css_mix_blend_mode_passthrough et_flex_column_3_5 et_flex_column_3_5_tablet et_flex_column_24_24_phone et_flex_column_3_5_widescreen et_flex_column_3_5_ultraWide\">\n<div class=\"et_pb_text_13 et_pb_text et_pb_bg_layout_light et_pb_module et_flex_module\"><div class=\"et_pb_text_inner\"><p>We specialize in garden and yard maintenance. We cover the entire process: we build your garden, we clean and prepare the terrain, we plant plants and maintain them.<\/p>\n<p>We work all year round \u2014 pruning, mowing, fertilizing, watering, plant protection and seasonal preparations. We prepare yards for the tourist season so that everything looks neat and presentable.<\/p>\n<p>We regularly maintain and care for plants and trees throughout all seasons.<\/p>\n<\/div><\/div>\n\n<div class=\"et_pb_row_7 et_pb_row et_pb_row_nested et_flex_row\">\n<div class=\"et_pb_column_18 et_pb_column et_flex_column et_pb_css_mix_blend_mode_passthrough et_flex_column_12_24 et_flex_column_12_24_tablet et_flex_column_24_24_phone et_flex_column_12_24_widescreen et_flex_column_12_24_ultraWide\">\n<div class=\"et_pb_image_0 et_pb_image et_pb_module et_flex_module\"><span class=\"et_pb_image_wrap\"><img loading=\"lazy\" decoding=\"async\" src=\"https:\/\/gardening.hr\/wp-content\/uploads\/2026\/03\/odrzavanje-maslinika.webp\" title=\"odrzavanje-maslinika\" width=\"450\" height=\"600\" srcset=\"https:\/\/gardening.hr\/wp-content\/uploads\/2026\/03\/odrzavanje-maslinika.webp 450w, https:\/\/gardening.hr\/wp-content\/uploads\/2026\/03\/odrzavanje-maslinika-225x300.webp 225w, https:\/\/gardening.hr\/wp-content\/uploads\/2026\/03\/odrzavanje-maslinika-270x360.webp 270w\" sizes=\"(max-width: 450px) 100vw, 450px\" class=\"wp-image-1087718\" \/><\/span><\/div>\n<\/div>\n\n<div class=\"et_pb_column_19 et_pb_column et-last-child et_flex_column et_pb_css_mix_blend_mode_passthrough et_flex_column_12_24 et_flex_column_12_24_tablet et_flex_column_24_24_phone et_flex_column_12_24_widescreen et_flex_column_12_24_ultraWide\">\n<div class=\"et_pb_text_14 et_pb_text et_pb_bg_layout_light et_pb_module et_flex_module\"><div class=\"et_pb_text_inner\"><p>100%<\/p>\n<\/div><\/div>\n\n<div class=\"et_pb_text_15 et_pb_text et_pb_bg_layout_light et_pb_module et_flex_module\"><div class=\"et_pb_text_inner\"><p>agreement \u2022 appointment \u2022 tidiness<\/p>\n<\/div><\/div>\n\n<div class=\"et_pb_module et_pb_button_module_wrapper et_pb_button_6_wrapper\"><a class=\"et_pb_button_6 et_pb_button et_pb_bg_layout_light et_animated et_pb_module et_block_module\" href=\"#contact\" data-icon=\"$\">Contact Us<\/a><\/div>\n<\/div>\n<\/div>\n<\/div>\n\n<div class=\"et_pb_column_20 et_pb_column et-last-child et_flex_column et_pb_css_mix_blend_mode_passthrough et_flex_column_2_5 et_flex_column_2_5_tablet et_flex_column_24_24_phone et_flex_column_2_5_widescreen et_flex_column_2_5_ultraWide\">\n<div class=\"et_pb_gallery_0 et_pb_gallery et_pb_bg_layout_light et_pb_gallery_grid et_pb_module\" data-auto-rotate=\"off\" data-auto-rotate-speed=\"\"><div class=\"et_pb_gallery_items et_post_gallery clearfix et_grid_module\" data-per_page=\"6\"><div class=\"et_pb_gallery_item et_pb_grid_item et_pb_gallery_item_0_0\"><div class=\"et_pb_gallery_image portrait\" data-per_page=\"6\"><a href=\"https:\/\/gardening.hr\/wp-content\/uploads\/2026\/03\/IMG_2246.webp\" title=\"IMG_2246\"><img loading=\"lazy\" decoding=\"async\" width=\"400\" height=\"516\" src=\"https:\/\/gardening.hr\/wp-content\/uploads\/2026\/03\/IMG_2246-400x516.webp\" alt=\"\" class=\"wp-image-1087676\" srcset=\"https:\/\/gardening.hr\/wp-content\/uploads\/2026\/03\/IMG_2246.webp 479w, https:\/\/gardening.hr\/wp-content\/uploads\/2026\/03\/IMG_2246-400x516.webp 480w\" sizes=\"(max-width:479px) 479px, 100vw\" \/><span class=\"et_overlay\" data-icon=\"\" data-icon-tablet=\"\" data-icon-phone=\"\"><\/span><\/a><\/div><\/div><div class=\"et_pb_gallery_item et_pb_grid_item et_pb_gallery_item_0_1\"><div class=\"et_pb_gallery_image portrait\" data-per_page=\"6\"><a href=\"https:\/\/gardening.hr\/wp-content\/uploads\/2026\/03\/IMG_2247.webp\" title=\"IMG_2247\"><img loading=\"lazy\" decoding=\"async\" width=\"400\" height=\"516\" src=\"https:\/\/gardening.hr\/wp-content\/uploads\/2026\/03\/IMG_2247-400x516.webp\" alt=\"\" class=\"wp-image-1087677\" srcset=\"https:\/\/gardening.hr\/wp-content\/uploads\/2026\/03\/IMG_2247.webp 479w, https:\/\/gardening.hr\/wp-content\/uploads\/2026\/03\/IMG_2247-400x516.webp 480w\" sizes=\"(max-width:479px) 479px, 100vw\" \/><span class=\"et_overlay\" data-icon=\"\" data-icon-tablet=\"\" data-icon-phone=\"\"><\/span><\/a><\/div><\/div><div class=\"et_pb_gallery_item et_pb_grid_item et_pb_gallery_item_0_2\"><div class=\"et_pb_gallery_image portrait\" data-per_page=\"6\"><a href=\"https:\/\/gardening.hr\/wp-content\/uploads\/2026\/03\/odrzavanje_vrtova_4.webp\" title=\"odrzavanje_vrtova_4\"><img loading=\"lazy\" decoding=\"async\" width=\"400\" height=\"516\" src=\"https:\/\/gardening.hr\/wp-content\/uploads\/2026\/03\/odrzavanje_vrtova_4-400x516.webp\" alt=\"\" class=\"wp-image-1087666\" srcset=\"https:\/\/gardening.hr\/wp-content\/uploads\/2026\/03\/odrzavanje_vrtova_4.webp 479w, https:\/\/gardening.hr\/wp-content\/uploads\/2026\/03\/odrzavanje_vrtova_4-400x516.webp 480w\" sizes=\"(max-width:479px) 479px, 100vw\" \/><span class=\"et_overlay\" data-icon=\"\" data-icon-tablet=\"\" data-icon-phone=\"\"><\/span><\/a><\/div><\/div><div class=\"et_pb_gallery_item et_pb_grid_item et_pb_gallery_item_0_3\"><div class=\"et_pb_gallery_image portrait\" data-per_page=\"6\"><a href=\"https:\/\/gardening.hr\/wp-content\/uploads\/2026\/03\/odrzavanje_vrtova.webp\" title=\"odrzavanje_vrtova\"><img loading=\"lazy\" decoding=\"async\" width=\"400\" height=\"516\" src=\"https:\/\/gardening.hr\/wp-content\/uploads\/2026\/03\/odrzavanje_vrtova-400x516.webp\" alt=\"\" class=\"wp-image-1087667\" srcset=\"https:\/\/gardening.hr\/wp-content\/uploads\/2026\/03\/odrzavanje_vrtova.webp 479w, https:\/\/gardening.hr\/wp-content\/uploads\/2026\/03\/odrzavanje_vrtova-400x516.webp 480w\" sizes=\"(max-width:479px) 479px, 100vw\" \/><span class=\"et_overlay\" data-icon=\"\" data-icon-tablet=\"\" data-icon-phone=\"\"><\/span><\/a><\/div><\/div><div class=\"et_pb_gallery_item et_pb_grid_item et_pb_gallery_item_0_4\"><div class=\"et_pb_gallery_image portrait\" data-per_page=\"6\"><a href=\"https:\/\/gardening.hr\/wp-content\/uploads\/2026\/03\/odrzavanje_vrtova_2.webp\" title=\"odrzavanje_vrtova_2\"><img loading=\"lazy\" decoding=\"async\" width=\"400\" height=\"516\" src=\"https:\/\/gardening.hr\/wp-content\/uploads\/2026\/03\/odrzavanje_vrtova_2-400x516.webp\" alt=\"\" class=\"wp-image-1087668\" srcset=\"https:\/\/gardening.hr\/wp-content\/uploads\/2026\/03\/odrzavanje_vrtova_2.webp 479w, https:\/\/gardening.hr\/wp-content\/uploads\/2026\/03\/odrzavanje_vrtova_2-400x516.webp 480w\" sizes=\"(max-width:479px) 479px, 100vw\" \/><span class=\"et_overlay\" data-icon=\"\" data-icon-tablet=\"\" data-icon-phone=\"\"><\/span><\/a><\/div><\/div><div class=\"et_pb_gallery_item et_pb_grid_item et_pb_gallery_item_0_5\"><div class=\"et_pb_gallery_image portrait\" data-per_page=\"6\"><a href=\"https:\/\/gardening.hr\/wp-content\/uploads\/2026\/03\/odrzavanje_vrtova_3.webp\" title=\"odrzavanje_vrtova_3\"><img loading=\"lazy\" decoding=\"async\" width=\"400\" height=\"516\" src=\"https:\/\/gardening.hr\/wp-content\/uploads\/2026\/03\/odrzavanje_vrtova_3-400x516.webp\" alt=\"\" class=\"wp-image-1087669\" srcset=\"https:\/\/gardening.hr\/wp-content\/uploads\/2026\/03\/odrzavanje_vrtova_3.webp 479w, https:\/\/gardening.hr\/wp-content\/uploads\/2026\/03\/odrzavanje_vrtova_3-400x516.webp 480w\" sizes=\"(max-width:479px) 479px, 100vw\" \/><span class=\"et_overlay\" data-icon=\"\" data-icon-tablet=\"\" data-icon-phone=\"\"><\/span><\/a><\/div><\/div><\/div><\/div>\n<\/div>\n<\/div>\n<\/div>\n\n<div class=\"et_pb_section_4 et_pb_section et_section_regular et_flex_section\" id=\"contact\">\n<div class=\"et_pb_row_8 et_pb_row et_flex_row\">\n<div class=\"et_pb_column_21 et_pb_column et_flex_column et_pb_css_mix_blend_mode_passthrough et_flex_column_12_24 et_flex_column_12_24_tablet et_flex_column_24_24_phone et_flex_column_12_24_widescreen et_flex_column_12_24_ultraWide\">\n<div class=\"et_pb_text_16 et_pb_text et_pb_bg_layout_dark et_animated et_pb_module et_block_module\"><div class=\"et_pb_text_inner\"><div class=\"wk-2107-hero-badge-text\">Free estimate<\/div>\n<\/div><\/div>\n\n<div class=\"et_pb_text_17 et_pb_text et_pb_bg_layout_light et_pb_module et_flex_module\"><div class=\"et_pb_text_inner\"><h2>Request a quote<\/h2>\n<\/div><\/div>\n\n<div class=\"et_pb_text_18 et_pb_text et_pb_bg_layout_light et_pb_module et_flex_module\"><div class=\"et_pb_text_inner\"><div class=\"wk-4792-onama-par-text\">Send a brief description (location, area, what needs to be done) and we will get back to you with a proposal and appointment.<\/div>\n<\/div><\/div>\n\n<div class=\"et_pb_divider_0 et_pb_divider et_pb_space et_pb_divider_position_top et_pb_module\"><div class=\"et_pb_divider_internal\"><\/div><\/div>\n\n<div class=\"et_pb_blurb_2 et_pb_blurb et_pb_bg_layout_light et_pb_blurb_position_left et_clickable et_pb_module et_flex_module\"><div class=\"et_pb_blurb_content et_flex_module\"><div class=\"et_pb_main_blurb_image\"><span class=\"et_pb_image_wrap\"><span class=\"et-pb-icon et-waypoint et_pb_animation_top et_pb_animation_top_tablet et_pb_animation_top_phone\">\ue090<\/span><\/span><\/div><div class=\"et_pb_blurb_container\"><h4 class=\"et_pb_module_header\">+385 91 200 4602<\/h4><div class=\"et_pb_blurb_description\"><p><small>Mon \u2013 Fri: 08:00 \u2013 16:00<\/small><\/p>\n<\/div><\/div><\/div><\/div>\n\n<div class=\"et_pb_blurb_3 et_pb_blurb et_pb_bg_layout_light et_pb_blurb_position_left et_pb_module et_flex_module\"><div class=\"et_pb_blurb_content et_flex_module\"><div class=\"et_pb_main_blurb_image\"><span class=\"et_pb_image_wrap\"><span class=\"et-pb-icon et-waypoint et_pb_animation_top et_pb_animation_top_tablet et_pb_animation_top_phone\">\ue076<\/span><\/span><\/div><div class=\"et_pb_blurb_container\"><h4 class=\"et_pb_module_header\">info@gardening.hr <\/h4><div class=\"et_pb_blurb_description\"><p><small>Response usually the same day<\/small><\/p>\n<\/div><\/div><\/div><\/div>\n\n<div class=\"et_pb_blurb_4 et_pb_blurb et_pb_bg_layout_light et_pb_blurb_position_left et_pb_module et_flex_module\"><div class=\"et_pb_blurb_content et_flex_module\"><div class=\"et_pb_main_blurb_image\"><span class=\"et_pb_image_wrap\"><span class=\"et-pb-icon et-waypoint et_pb_animation_top et_pb_animation_top_tablet et_pb_animation_top_phone\">\ue081<\/span><\/span><\/div><div class=\"et_pb_blurb_container\"><h4 class=\"et_pb_module_header\">Address<\/h4><div class=\"et_pb_blurb_description\"><p><small>Bo\u017ee Peri\u010di\u0107a 10, 22000 \u0160ibenik<\/small><\/p>\n<\/div><\/div><\/div><\/div>\n<\/div>\n\n<div class=\"et_pb_column_22 et_pb_column et-last-child et_flex_column et_pb_css_mix_blend_mode_passthrough et_flex_column_12_24 et_flex_column_12_24_tablet et_flex_column_24_24_phone et_flex_column_12_24_widescreen et_flex_column_12_24_ultraWide\">\n<div class=\"et_pb_text_19 et_pb_text et_pb_bg_layout_light et_pb_module et_flex_module\"><div class=\"et_pb_text_inner\"><h2>Send inquiry<\/h2>\n<\/div><\/div>\n\n<div class=\"et_pb_code_0 et_pb_code et_pb_module\"><div class=\"et_pb_code_inner\"><div class=\"forminator-ui forminator-custom-form forminator-custom-form-1087694 forminator-design--default  forminator_ajax\" data-forminator-render=\"0\" data-form=\"forminator-module-1087694\" data-uid=\"69ed20ffc7bf9\"><br\/><\/div><form\r\n\t\t\t\tid=\"forminator-module-1087694\"\r\n\t\t\t\tclass=\"forminator-ui forminator-custom-form forminator-custom-form-1087694 forminator-design--default  forminator_ajax\"\r\n\t\t\t\tmethod=\"post\"\r\n\t\t\t\tdata-forminator-render=\"0\"\r\n\t\t\t\tdata-form-id=\"1087694\"\r\n\t\t\t\t\r\n\t\t\t\tdata-design=\"default\"\r\n\t\t\t\t\r\n\t\t\t\t\r\n\t\t\t\t\r\n\t\t\t\tdata-grid=\"open\"\r\n\t\t\t\t\r\n\t\t\t\t\r\n\t\t\t\tstyle=\"display: none;\"\r\n\t\t\t\t\r\n\t\t\t\tdata-uid=\"69ed20ffc7bf9\"\r\n\t\t\t><div role=\"alert\" aria-live=\"polite\" class=\"forminator-response-message forminator-error\" aria-hidden=\"true\"><\/div><div class=\"forminator-row\"><div id=\"text-1\" class=\"forminator-field-text forminator-col forminator-col-12 \"><div class=\"forminator-field\"><input type=\"text\" name=\"text-1\" value=\"\" placeholder=\"Your first and last name\" id=\"forminator-field-text-1_69ed20ffc7bf9\" class=\"forminator-input forminator-name--field\" data-required=\"1\" \/><\/div><\/div><\/div><div class=\"forminator-row\"><div id=\"email-1\" class=\"forminator-field-email forminator-col forminator-col-6 \"><div class=\"forminator-field\"><input type=\"email\" name=\"email-1\" value=\"\" placeholder=\"Your email\" id=\"forminator-field-email-1_69ed20ffc7bf9\" class=\"forminator-input forminator-email--field\" data-required=\"1\" aria-required=\"true\" \/><\/div><\/div><div id=\"text-2\" class=\"forminator-field-text forminator-col forminator-col-6 \"><div class=\"forminator-field\"><input type=\"text\" name=\"text-2\" value=\"\" placeholder=\"Your phone\" id=\"forminator-field-text-2_69ed20ffc7bf9\" class=\"forminator-input forminator-name--field\" data-required=\"1\" \/><\/div><\/div><\/div><div class=\"forminator-row\"><div id=\"text-4\" class=\"forminator-field-text forminator-col forminator-col-12 \"><div class=\"forminator-field\"><input type=\"text\" name=\"text-4\" value=\"\" placeholder=\"Location\" id=\"forminator-field-text-4_69ed20ffc7bf9\" class=\"forminator-input forminator-name--field\" data-required=\"1\" \/><\/div><\/div><\/div><div class=\"forminator-row\"><div id=\"text-5\" class=\"forminator-field-text forminator-col forminator-col-12 \"><div class=\"forminator-field\"><input type=\"text\" name=\"text-5\" value=\"\" placeholder=\"Service (e.g. maintenance \/ clearing \/ demolition)\" id=\"forminator-field-text-5_69ed20ffc7bf9\" class=\"forminator-input forminator-name--field\" data-required=\"1\" \/><\/div><\/div><\/div><div class=\"forminator-row\"><div id=\"textarea-1\" class=\"forminator-field-textarea forminator-col forminator-col-12 \"><div class=\"forminator-field\"><textarea name=\"textarea-1\" placeholder=\"Message (area, what needs to be done, deadline...)\" id=\"forminator-field-textarea-1_69ed20ffc7bf9\" class=\"forminator-textarea\" rows=\"6\" style=\"min-height:140px;\" ><\/textarea><\/div><\/div><\/div><div class=\"forminator-row\"><div id=\"html-1\" class=\"forminator-field-html forminator-col forminator-col-12 \"><div class=\"forminator-field forminator-merge-tags\" data-field=\"html-1\"><label class=\"forminator-label\">Anti-spam question: how much is<\/label><p>   <div class=\"wk-captcha-block\" style=\"color: #000;\">\n        <label class=\"wk-captcha-label\">\n            7 + 5 ?\n        <\/label>\n        <input type=\"hidden\" name=\"wk_captcha_a\"  value=\"7\">\n        <input type=\"hidden\" name=\"wk_captcha_b\"  value=\"5\">\n        <input type=\"hidden\" name=\"wk_captcha_ts\" value=\"1777148159\">\n        <input type=\"hidden\" name=\"wk_captcha_sig\" value=\"a4d384e930d6412dd3dbf5228694df8a\">\n        <!-- Honeypot -->\n        <input type=\"text\" name=\"wk_hp\" value=\"\" style=\"display:none!important\" tabindex=\"-1\" autocomplete=\"off\" aria-hidden=\"true\">\n        <small class=\"wk-captcha-help\"><\/small>\n    <\/div>\n    <\/p><\/div><\/div><\/div><div class=\"forminator-row\"><div id=\"text-3\" class=\"forminator-field-text forminator-col forminator-col-12 \"><div class=\"forminator-field\"><input type=\"text\" name=\"text-3\" value=\"\" placeholder=\"Enter the result\" id=\"forminator-field-text-3_69ed20ffc7bf9\" class=\"forminator-input forminator-name--field\" data-required=\"1\" \/><\/div><\/div><\/div><input type=\"hidden\" name=\"referer_url\" value=\"\" \/><div class=\"forminator-row forminator-row-last\"><div class=\"forminator-col\"><div class=\"forminator-field\"><button class=\"forminator-button forminator-button-submit\">Send<\/button><\/div><\/div><\/div><input type=\"hidden\" id=\"forminator_nonce\" name=\"forminator_nonce\" value=\"7397fe16eb\" \/><input type=\"hidden\" name=\"_wp_http_referer\" value=\"\/en\/wp-json\/wp\/v2\/pages\/1087682\" \/><input type=\"hidden\" name=\"form_id\" value=\"1087694\"><input type=\"hidden\" name=\"page_id\" value=\"1087682\"><input type=\"hidden\" name=\"form_type\" value=\"default\"><input type=\"hidden\" name=\"current_url\" value=\"https:\/\/gardening.hr\/en\/\"><input type=\"hidden\" name=\"render_id\" value=\"0\"><input type=\"hidden\" name=\"action\" value=\"forminator_submit_form_custom-forms\"><label for=\"input_8\" class=\"forminator-hidden\" aria-hidden=\"true\">Please do not fill in this field. <input id=\"input_8\" type=\"text\" name=\"input_8\" value=\"\" autocomplete=\"off\"><\/label><\/form><\/div><\/div>\n<\/div>\n<\/div>\n<\/div>","protected":false},"excerpt":{"rendered":"","protected":false},"author":1,"featured_media":0,"parent":0,"menu_order":0,"comment_status":"closed","ping_status":"closed","template":"","meta":{"footnotes":""},"class_list":["post-1087682","page","type-page","status-publish","hentry"],"_links":{"self":[{"href":"https:\/\/gardening.hr\/en\/wp-json\/wp\/v2\/pages\/1087682","targetHints":{"allow":["GET"]}}],"collection":[{"href":"https:\/\/gardening.hr\/en\/wp-json\/wp\/v2\/pages"}],"about":[{"href":"https:\/\/gardening.hr\/en\/wp-json\/wp\/v2\/types\/page"}],"author":[{"embeddable":true,"href":"https:\/\/gardening.hr\/en\/wp-json\/wp\/v2\/users\/1"}],"replies":[{"embeddable":true,"href":"https:\/\/gardening.hr\/en\/wp-json\/wp\/v2\/comments?post=1087682"}],"version-history":[{"count":21,"href":"https:\/\/gardening.hr\/en\/wp-json\/wp\/v2\/pages\/1087682\/revisions"}],"predecessor-version":[{"id":1087737,"href":"https:\/\/gardening.hr\/en\/wp-json\/wp\/v2\/pages\/1087682\/revisions\/1087737"}],"wp:attachment":[{"href":"https:\/\/gardening.hr\/en\/wp-json\/wp\/v2\/media?parent=1087682"}],"curies":[{"name":"wp","href":"https:\/\/api.w.org\/{rel}","templated":true}]}}